{"id":173,"date":"2012-03-08T13:58:12","date_gmt":"2012-03-08T12:58:12","guid":{"rendered":"http:\/\/ursi.wel.wat.edu.pl\/?page_id=173"},"modified":"2025-06-27T10:58:18","modified_gmt":"2025-06-27T09:58:18","slug":"commission-e-electromagnetic-noise-and-interference","status":"publish","type":"page","link":"https:\/\/ursi.wel.wat.edu.pl\/en\/commission-e-electromagnetic-noise-and-interference\/","title":{"rendered":"Commission E: Electromagnetic Noise and Interference"},"content":{"rendered":"<table width=\"100%\">\n<tbody>\n<tr>\n<td>\n<h5><img decoding=\"async\" loading=\"lazy\" style=\"margin-left: 0px; margin-right: 10px; border: 0pt none;\" title=\"Prof. Piotr S\u0141OBODZIAN\" src=\"\/en\/wp-content\/uploads\/2012\/03\/slobodzian.jpg\" alt=\"\" width=\"160\" height=\"210\" align=\"left\" border=\"0\" hspace=\"10\">Chairman:<br \/>\nProf. Piotr S\u0141OBODZIAN<\/h5>\n<p>Institute of Telecommunications, ICT and Acoustics<br \/>\n<strong>Wroclaw University of Science and Technology<\/strong><br \/>\n27 Stanis\u0142aw Wyspia\u0144ski Coast, 50-370 Wroclaw, Poland<br \/>\nPhone: +48 71 320 45 83<br \/>\nE-mail: <a href=\"mailto:piotr.slobodzian@pwr.wroc.pl\">piotr.slobodzian@pwr.wroc.pl<\/a><\/td>\n<\/tr>\n<tr>\n<td>\n<h5><img decoding=\"async\" loading=\"lazy\" style=\"margin-left: 0px; margin-right: 10px; border: 0pt none;\" title=\"Prof. Leszek NOWOSIELSKI\" src=\"\/en\/wp-content\/uploads\/2023\/06\/nowosielski.jpg\" alt=\"\" width=\"160\" height=\"210\" align=\"left\" border=\"0\" hspace=\"10\">V-ce chairman:<br \/>\nProf. Leszek NOWOSIELSKI<\/h5>\n<p>Faculty of Electronics<br \/>\n<strong>Military University of Technology<\/strong><br \/>\n2 Gen. S. Kaliskiego Str., 00\u200a-908 Warsaw 46, Poland<br \/>\nPhone: +48 26 183 70 48, Mobile: +48 508 726 824<br \/>\nE-mail: <a href=\"mailto:leszek.nowosielski@wat.edu.pl\">leszek.nowosielski@wat.edu.pl<\/a><\/td>\n<\/tr>\n<tr>\n<td>\n<h5><a title=\"Biography of Anna GRYTSKO, M.Eng.\" href=\"\/en\/biography-of-anna-grytsko-phd\"><img decoding=\"async\" loading=\"lazy\" style=\"margin-left: 0px; margin-right: 10px; border-image: initial; border: 0px initial initial;\" src=\"\/en\/wp-content\/uploads\/2023\/06\/grytsko.jpg\" alt=\"\" width=\"160\" height=\"210\" align=\"left\" border=\"0\" hspace=\"10\"><\/a>V-ce chairman &#8211; junior:<br \/>\n<a title=\"Biography of Anna GRYTSKO, Ph.D.\" href=\"\/en\/biography-of-anna-grytsko-phd\">Anna GRYTSKO, Ph.D.<\/a><\/h5>\n<p>Faculty of Computer Science and Telecommunications (W4)<br \/>\n<strong>Wroclaw University of Science and Technology<\/strong><br \/>\n27 Stanis\u0142aw Wyspia\u0144ski Coast, 50-370 Wroclaw, Poland<br \/>\nE-mail: <a href=\"mailto:anna.grytsko@pwr.edu.pl\">anna.grytsko@pwr.edu.pl<\/a><\/td>\n<\/tr>\n<\/tbody>\n<\/table>\n","protected":false},"excerpt":{"rendered":"<p>Chairman: Prof. Piotr S\u0141OBODZIAN Institute of Telecommunications, ICT and Acoustics Wroclaw University of Science and Technology 27 Stanis\u0142aw Wyspia\u0144ski Coast, 50-370 Wroclaw, Poland Phone: +48 71 320 45 83 E-mail: piotr.slobodzian@pwr.wroc.pl V-ce chairman: Prof. Leszek NOWOSIELSKI Faculty of Electronics Military University of Technology 2 Gen. S. Kaliskiego Str., 00\u200a-908 Warsaw 46, Poland Phone: +48 26 [&hellip;]<\/p>\n","protected":false},"author":1,"featured_media":0,"parent":0,"menu_order":0,"comment_status":"closed","ping_status":"closed","template":"","meta":[],"_links":{"self":[{"href":"https:\/\/ursi.wel.wat.edu.pl\/en\/wp-json\/wp\/v2\/pages\/173"}],"collection":[{"href":"https:\/\/ursi.wel.wat.edu.pl\/en\/wp-json\/wp\/v2\/pages"}],"about":[{"href":"https:\/\/ursi.wel.wat.edu.pl\/en\/wp-json\/wp\/v2\/types\/page"}],"author":[{"embeddable":true,"href":"https:\/\/ursi.wel.wat.edu.pl\/en\/wp-json\/wp\/v2\/users\/1"}],"replies":[{"embeddable":true,"href":"https:\/\/ursi.wel.wat.edu.pl\/en\/wp-json\/wp\/v2\/comments?post=173"}],"version-history":[{"count":100,"href":"https:\/\/ursi.wel.wat.edu.pl\/en\/wp-json\/wp\/v2\/pages\/173\/revisions"}],"predecessor-version":[{"id":2997,"href":"https:\/\/ursi.wel.wat.edu.pl\/en\/wp-json\/wp\/v2\/pages\/173\/revisions\/2997"}],"wp:attachment":[{"href":"https:\/\/ursi.wel.wat.edu.pl\/en\/wp-json\/wp\/v2\/media?parent=173"}],"curies":[{"name":"wp","href":"https:\/\/api.w.org\/{rel}","templated":true}]}}